{"id":25,"date":"2021-05-11T10:52:01","date_gmt":"2021-05-11T10:52:01","guid":{"rendered":"https:\/\/operational.pt\/?page_id=25"},"modified":"2022-09-12T11:30:44","modified_gmt":"2022-09-12T11:30:44","slug":"empresa","status":"publish","type":"page","link":"https:\/\/operational.pt\/en\/empresa\/","title":{"rendered":"Company"},"content":{"rendered":"<div data-elementor-type=\"wp-page\" data-elementor-id=\"25\" class=\"elementor elementor-25\">\n\t\t\t\t\t\t<section class=\"elementor-section elementor-top-section elementor-element elementor-element-b4a7bdc elementor-section-full_width elementor-section-height-default elementor-section-height-default\" data-id=\"b4a7bdc\" data-element_type=\"section\" data-e-type=\"section\">\n\t\t\t\t\t\t<div class=\"elementor-container elementor-column-gap-default\">\n\t\t\t\t\t<div class=\"elementor-column elementor-col-100 elementor-top-column elementor-element elementor-element-b19ff5f\" data-id=\"b19ff5f\" data-element_type=\"column\" data-e-type=\"column\">\n\t\t\t<div class=\"elementor-widget-wrap elementor-element-populated\">\n\t\t\t\t\t\t<section class=\"elementor-section elementor-inner-section elementor-element elementor-element-627810c elementor-section-boxed elementor-section-height-default elementor-section-height-default\" data-id=\"627810c\" data-element_type=\"section\" data-e-type=\"section\">\n\t\t\t\t\t\t<div class=\"elementor-container elementor-column-gap-default\">\n\t\t\t\t\t<div class=\"elementor-column elementor-col-50 elementor-inner-column elementor-element elementor-element-e65db66\" data-id=\"e65db66\" data-element_type=\"column\" data-e-type=\"column\">\n\t\t\t<div class=\"elementor-widget-wrap elementor-element-populated\">\n\t\t\t\t\t\t<div class=\"elementor-element elementor-element-ff47b22 outer_in elementor-widget elementor-widget-heading\" data-id=\"ff47b22\" data-element_type=\"widget\" data-e-type=\"widget\" data-widget_type=\"heading.default\">\n\t\t\t\t<div class=\"elementor-widget-container\">\n\t\t\t\t\t<h2 class=\"elementor-heading-title elementor-size-default\">Get To Know Us Better<\/h2>\t\t\t\t<\/div>\n\t\t\t\t<\/div>\n\t\t\t\t<div class=\"elementor-element elementor-element-26045b8 elementor-widget elementor-widget-text-editor\" data-id=\"26045b8\" data-element_type=\"widget\" data-e-type=\"widget\" data-widget_type=\"text-editor.default\">\n\t\t\t\t<div class=\"elementor-widget-container\">\n\t\t\t\t\t\t\t\t\t<p>Operational Consulting is a company that stood out in the Consulting and Training market, having transformed these principles into Operationalization and Competencies, especially in the Automotive Industry. Founded on June 6, 2006, the company stands out for its efficient service to its customers, having as its main priority their total satisfaction, together with the quality of the services it offers.<\/p><p>It is headquartered in Set\u00fabal and also has more than thirty years of professional experience, where we have helped to train many professionals associated with the automotive industry who hold top management positions. Our company is your partner for Operationalization and Competence, in your company.<\/p><p>We are a central core of engineering professionals, with extensive real-world experience in the industry, supported by a network of external partners, national and international partners, specialists in various areas. It is this flexible network that allows us to quickly provide an adequate response to the real needs of each project and, in this way, multiply the practical effect and operational efficiency of the means involved.<\/p>\t\t\t\t\t\t\t\t<\/div>\n\t\t\t\t<\/div>\n\t\t\t\t\t<\/div>\n\t\t<\/div>\n\t\t\t\t<div class=\"elementor-column elementor-col-50 elementor-inner-column elementor-element elementor-element-0ac5111\" data-id=\"0ac5111\" data-element_type=\"column\" data-e-type=\"column\">\n\t\t\t<div class=\"elementor-widget-wrap elementor-element-populated\">\n\t\t\t\t\t\t<div class=\"elementor-element elementor-element-123a376 elementor-widget elementor-widget-spacer\" data-id=\"123a376\" data-element_type=\"widget\" data-e-type=\"widget\" data-widget_type=\"spacer.default\">\n\t\t\t\t<div class=\"elementor-widget-container\">\n\t\t\t\t\t\t\t<div class=\"elementor-spacer\">\n\t\t\t<div class=\"elementor-spacer-inner\"><\/div>\n\t\t<\/div>\n\t\t\t\t\t\t<\/div>\n\t\t\t\t<\/div>\n\t\t\t\t<div class=\"elementor-element elementor-element-dab9801 elementor-widget elementor-widget-image\" data-id=\"dab9801\" data-element_type=\"widget\" data-e-type=\"widget\" data-widget_type=\"image.default\">\n\t\t\t\t<div class=\"elementor-widget-container\">\n\t\t\t\t\t\t\t\t\t\t\t\t\t\t\t<img fetchpriority=\"high\" decoding=\"async\" width=\"1024\" height=\"768\" src=\"https:\/\/operational.pt\/wp-content\/uploads\/2021\/06\/pexels-energepiccom-288477-1024x768.jpg\" class=\"attachment-large size-large wp-image-352\" alt=\"\" srcset=\"https:\/\/operational.pt\/wp-content\/uploads\/2021\/06\/pexels-energepiccom-288477-1024x768.jpg 1024w, https:\/\/operational.pt\/wp-content\/uploads\/2021\/06\/pexels-energepiccom-288477-300x225.jpg 300w, https:\/\/operational.pt\/wp-content\/uploads\/2021\/06\/pexels-energepiccom-288477-768x576.jpg 768w, https:\/\/operational.pt\/wp-content\/uploads\/2021\/06\/pexels-energepiccom-288477-1536x1152.jpg 1536w, https:\/\/operational.pt\/wp-content\/uploads\/2021\/06\/pexels-energepiccom-288477-2048x1536.jpg 2048w\" sizes=\"(max-width: 1024px) 100vw, 1024px\" \/>\t\t\t\t\t\t\t\t\t\t\t\t\t\t\t<\/div>\n\t\t\t\t<\/div>\n\t\t\t\t\t<\/div>\n\t\t<\/div>\n\t\t\t\t\t<\/div>\n\t\t<\/section>\n\t\t\t\t\t<\/div>\n\t\t<\/div>\n\t\t\t\t\t<\/div>\n\t\t<\/section>\n\t\t\t\t<section class=\"elementor-section elementor-top-section elementor-element elementor-element-1927d12 elementor-section-full_width elementor-section-height-default elementor-section-height-default\" data-id=\"1927d12\" data-element_type=\"section\" data-e-type=\"section\" data-settings=\"{&quot;background_background&quot;:&quot;classic&quot;}\">\n\t\t\t\t\t\t<div class=\"elementor-container elementor-column-gap-default\">\n\t\t\t\t\t<div class=\"elementor-column elementor-col-100 elementor-top-column elementor-element elementor-element-9ea0812\" data-id=\"9ea0812\" data-element_type=\"column\" data-e-type=\"column\">\n\t\t\t<div class=\"elementor-widget-wrap elementor-element-populated\">\n\t\t\t\t\t\t<section class=\"elementor-section elementor-inner-section elementor-element elementor-element-090b691 elementor-section-boxed elementor-section-height-default elementor-section-height-default\" data-id=\"090b691\" data-element_type=\"section\" data-e-type=\"section\">\n\t\t\t\t\t\t<div class=\"elementor-container elementor-column-gap-default\">\n\t\t\t\t\t<div class=\"elementor-column elementor-col-100 elementor-inner-column elementor-element elementor-element-2776ed8\" data-id=\"2776ed8\" data-element_type=\"column\" data-e-type=\"column\">\n\t\t\t<div class=\"elementor-widget-wrap elementor-element-populated\">\n\t\t\t\t\t\t<div class=\"elementor-element elementor-element-b3677ef elementor-tabs-alignment-center elementor-tabs-view-horizontal elementor-widget elementor-widget-tabs\" data-id=\"b3677ef\" data-element_type=\"widget\" data-e-type=\"widget\" data-widget_type=\"tabs.default\">\n\t\t\t\t<div class=\"elementor-widget-container\">\n\t\t\t\t\t\t\t<div class=\"elementor-tabs\">\n\t\t\t<div class=\"elementor-tabs-wrapper\" role=\"tablist\" >\n\t\t\t\t\t\t\t\t\t<div id=\"elementor-tab-title-1881\" class=\"elementor-tab-title elementor-tab-desktop-title\" aria-selected=\"true\" data-tab=\"1\" role=\"tab\" tabindex=\"0\" aria-controls=\"elementor-tab-content-1881\" aria-expanded=\"false\">Vision<\/div>\n\t\t\t\t\t\t\t\t\t<div id=\"elementor-tab-title-1882\" class=\"elementor-tab-title elementor-tab-desktop-title\" aria-selected=\"false\" data-tab=\"2\" role=\"tab\" tabindex=\"-1\" aria-controls=\"elementor-tab-content-1882\" aria-expanded=\"false\">Mission<\/div>\n\t\t\t\t\t\t\t<\/div>\n\t\t\t<div class=\"elementor-tabs-content-wrapper\" role=\"tablist\" aria-orientation=\"vertical\">\n\t\t\t\t\t\t\t\t\t<div class=\"elementor-tab-title elementor-tab-mobile-title\" aria-selected=\"true\" data-tab=\"1\" role=\"tab\" tabindex=\"0\" aria-controls=\"elementor-tab-content-1881\" aria-expanded=\"false\">Vision<\/div>\n\t\t\t\t\t<div id=\"elementor-tab-content-1881\" class=\"elementor-tab-content elementor-clearfix\" data-tab=\"1\" role=\"tabpanel\" aria-labelledby=\"elementor-tab-title-1881\" tabindex=\"0\" hidden=\"false\"><p>To exist as a reference at national and international level, being partners and providing operational services, contributing decisively to the growth of the national industry and establishing robust and profitable partnerships for all organizations involved.<\/p><\/div>\n\t\t\t\t\t\t\t\t\t<div class=\"elementor-tab-title elementor-tab-mobile-title\" aria-selected=\"false\" data-tab=\"2\" role=\"tab\" tabindex=\"-1\" aria-controls=\"elementor-tab-content-1882\" aria-expanded=\"false\">Mission<\/div>\n\t\t\t\t\t<div id=\"elementor-tab-content-1882\" class=\"elementor-tab-content elementor-clearfix\" data-tab=\"2\" role=\"tabpanel\" aria-labelledby=\"elementor-tab-title-1882\" tabindex=\"0\" hidden=\"hidden\"><p>Operational Consulting is the partner that acts in the area of Transmission of Competencies, and our mission is to provide its partners with an integral service that is completely adapted to their reality, encompassing in a single procedure the entire cycle of competences, from diagnosis to assessment, oriented to practice and obtain concrete results with the main organizations. We provide our partners with qualifications and skills in several areas, such as:<\/p><ul><li>Operational Engineering;<\/li><li>Productivity;<\/li><li>Management Systems;<\/li><li>VDA-QMC \/ AIAG (official training of the automotive industry);<\/li><li>ODETTE (official training in logistics).<\/li><\/ul><\/div>\n\t\t\t\t\t\t\t<\/div>\n\t\t<\/div>\n\t\t\t\t\t\t<\/div>\n\t\t\t\t<\/div>\n\t\t\t\t\t<\/div>\n\t\t<\/div>\n\t\t\t\t\t<\/div>\n\t\t<\/section>\n\t\t\t\t\t<\/div>\n\t\t<\/div>\n\t\t\t\t\t<\/div>\n\t\t<\/section>\n\t\t\t\t<section class=\"elementor-section elementor-top-section elementor-element elementor-element-71e3aac elementor-section-full_width elementor-section-height-default elementor-section-height-default\" data-id=\"71e3aac\" data-element_type=\"section\" data-e-type=\"section\">\n\t\t\t\t\t\t<div class=\"elementor-container elementor-column-gap-default\">\n\t\t\t\t\t<div class=\"elementor-column elementor-col-100 elementor-top-column elementor-element elementor-element-1791583\" data-id=\"1791583\" data-element_type=\"column\" data-e-type=\"column\">\n\t\t\t<div class=\"elementor-widget-wrap elementor-element-populated\">\n\t\t\t\t\t\t<section class=\"elementor-section elementor-inner-section elementor-element elementor-element-0aaea8d elementor-section-boxed elementor-section-height-default elementor-section-height-default\" data-id=\"0aaea8d\" data-element_type=\"section\" data-e-type=\"section\">\n\t\t\t\t\t\t<div class=\"elementor-container elementor-column-gap-default\">\n\t\t\t\t\t<div class=\"elementor-column elementor-col-33 elementor-inner-column elementor-element elementor-element-1e6c46c\" data-id=\"1e6c46c\" data-element_type=\"column\" data-e-type=\"column\">\n\t\t\t<div class=\"elementor-widget-wrap elementor-element-populated\">\n\t\t\t\t\t\t<div class=\"elementor-element elementor-element-14e20ed elementor-widget elementor-widget-spacer\" data-id=\"14e20ed\" data-element_type=\"widget\" data-e-type=\"widget\" data-widget_type=\"spacer.default\">\n\t\t\t\t<div class=\"elementor-widget-container\">\n\t\t\t\t\t\t\t<div class=\"elementor-spacer\">\n\t\t\t<div class=\"elementor-spacer-inner\"><\/div>\n\t\t<\/div>\n\t\t\t\t\t\t<\/div>\n\t\t\t\t<\/div>\n\t\t\t\t<div class=\"elementor-element elementor-element-c4a40b9 elementor-hidden-mobile elementor-widget elementor-widget-spacer\" data-id=\"c4a40b9\" data-element_type=\"widget\" data-e-type=\"widget\" data-widget_type=\"spacer.default\">\n\t\t\t\t<div class=\"elementor-widget-container\">\n\t\t\t\t\t\t\t<div class=\"elementor-spacer\">\n\t\t\t<div class=\"elementor-spacer-inner\"><\/div>\n\t\t<\/div>\n\t\t\t\t\t\t<\/div>\n\t\t\t\t<\/div>\n\t\t\t\t<div class=\"elementor-element elementor-element-ab3412b elementor-widget elementor-widget-image\" data-id=\"ab3412b\" data-element_type=\"widget\" data-e-type=\"widget\" data-widget_type=\"image.default\">\n\t\t\t\t<div class=\"elementor-widget-container\">\n\t\t\t\t\t\t\t\t\t\t\t\t\t\t\t<img decoding=\"async\" width=\"565\" height=\"402\" src=\"https:\/\/operational.pt\/wp-content\/uploads\/2021\/06\/pexels-photo-3861969.png\" class=\"attachment-large size-large wp-image-354\" alt=\"\" srcset=\"https:\/\/operational.pt\/wp-content\/uploads\/2021\/06\/pexels-photo-3861969.png 565w, https:\/\/operational.pt\/wp-content\/uploads\/2021\/06\/pexels-photo-3861969-300x213.png 300w\" sizes=\"(max-width: 565px) 100vw, 565px\" \/>\t\t\t\t\t\t\t\t\t\t\t\t\t\t\t<\/div>\n\t\t\t\t<\/div>\n\t\t\t\t\t<\/div>\n\t\t<\/div>\n\t\t\t\t<div class=\"elementor-column elementor-col-33 elementor-inner-column elementor-element elementor-element-693558e\" data-id=\"693558e\" data-element_type=\"column\" data-e-type=\"column\">\n\t\t\t<div class=\"elementor-widget-wrap elementor-element-populated\">\n\t\t\t\t\t\t<div class=\"elementor-element elementor-element-1e71dcf outer_in elementor-widget elementor-widget-heading\" data-id=\"1e71dcf\" data-element_type=\"widget\" data-e-type=\"widget\" data-widget_type=\"heading.default\">\n\t\t\t\t<div class=\"elementor-widget-container\">\n\t\t\t\t\t<h2 class=\"elementor-heading-title elementor-size-default\">Our Team<\/h2>\t\t\t\t<\/div>\n\t\t\t\t<\/div>\n\t\t\t\t<div class=\"elementor-element elementor-element-6205d22 elementor-widget elementor-widget-text-editor\" data-id=\"6205d22\" data-element_type=\"widget\" data-e-type=\"widget\" data-widget_type=\"text-editor.default\">\n\t\t\t\t<div class=\"elementor-widget-container\">\n\t\t\t\t\t\t\t\t\t<p>Operational Consulting is made up of a central core of engineering professionals, with extensive real-world experience in the industry, supported by a network of external consultants, national and international, specialists in various areas, in order to present the best solution for each specific problem.<br \/>It is this flexible network that allows us to quickly provide an adequate response to the real needs of each project and, in this way, multiply the practical effect and operational efficiency of the means involved.<\/p><p>What we offer you:<\/p><ul><li>Competent Solutions<\/li><li>Real operationalization in the industry;<\/li><li>Adding Value and lasting results;<\/li><li>Acrescentar Valor e resultados duradouros;<\/li><li>The guarantee of our international associations.<\/li><\/ul>\t\t\t\t\t\t\t\t<\/div>\n\t\t\t\t<\/div>\n\t\t\t\t\t<\/div>\n\t\t<\/div>\n\t\t\t\t<div class=\"elementor-column elementor-col-33 elementor-inner-column elementor-element elementor-element-d9b9910\" data-id=\"d9b9910\" data-element_type=\"column\" data-e-type=\"column\">\n\t\t\t<div class=\"elementor-widget-wrap elementor-element-populated\">\n\t\t\t\t\t\t<div class=\"elementor-element elementor-element-1fa3e83 elementor-hidden-mobile elementor-widget elementor-widget-spacer\" data-id=\"1fa3e83\" data-element_type=\"widget\" data-e-type=\"widget\" data-widget_type=\"spacer.default\">\n\t\t\t\t<div class=\"elementor-widget-container\">\n\t\t\t\t\t\t\t<div class=\"elementor-spacer\">\n\t\t\t<div class=\"elementor-spacer-inner\"><\/div>\n\t\t<\/div>\n\t\t\t\t\t\t<\/div>\n\t\t\t\t<\/div>\n\t\t\t\t<div class=\"elementor-element elementor-element-9cf9108 elementor-widget elementor-widget-image\" data-id=\"9cf9108\" data-element_type=\"widget\" data-e-type=\"widget\" data-widget_type=\"image.default\">\n\t\t\t\t<div class=\"elementor-widget-container\">\n\t\t\t\t\t\t\t\t\t\t\t\t\t\t\t<img decoding=\"async\" width=\"300\" height=\"244\" src=\"https:\/\/operational.pt\/wp-content\/uploads\/2022\/09\/AF_VF-300x244.jpg\" class=\"attachment-medium size-medium wp-image-1814\" alt=\"\" srcset=\"https:\/\/operational.pt\/wp-content\/uploads\/2022\/09\/AF_VF-300x244.jpg 300w, https:\/\/operational.pt\/wp-content\/uploads\/2022\/09\/AF_VF-768x625.jpg 768w, https:\/\/operational.pt\/wp-content\/uploads\/2022\/09\/AF_VF-15x12.jpg 15w, https:\/\/operational.pt\/wp-content\/uploads\/2022\/09\/AF_VF.jpg 900w\" sizes=\"(max-width: 300px) 100vw, 300px\" \/>\t\t\t\t\t\t\t\t\t\t\t\t\t\t\t<\/div>\n\t\t\t\t<\/div>\n\t\t\t\t\t<\/div>\n\t\t<\/div>\n\t\t\t\t\t<\/div>\n\t\t<\/section>\n\t\t\t\t<div class=\"elementor-element elementor-element-7087fbe elementor-widget elementor-widget-spacer\" data-id=\"7087fbe\" data-element_type=\"widget\" data-e-type=\"widget\" data-widget_type=\"spacer.default\">\n\t\t\t\t<div class=\"elementor-widget-container\">\n\t\t\t\t\t\t\t<div class=\"elementor-spacer\">\n\t\t\t<div class=\"elementor-spacer-inner\"><\/div>\n\t\t<\/div>\n\t\t\t\t\t\t<\/div>\n\t\t\t\t<\/div>\n\t\t\t\t\t<\/div>\n\t\t<\/div>\n\t\t\t\t\t<\/div>\n\t\t<\/section>\n\t\t\t\t<\/div>","protected":false},"excerpt":{"rendered":"<p>Conhe\u00e7a-nos melhor Operational Consulting \u00e9 uma empresa que se destacou no mercado da Consultoria e Forma\u00e7\u00e3o, tendo transformado estes princ\u00edpios em Operacionaliza\u00e7\u00e3o e Compet\u00eancias, evidenciando-se principalmente na Ind\u00fastria Autom\u00f3vel. Fundada em seis de Junho de 2006, a empresa destaca-se pelo atendimento eficaz aos seus clientes tendo como principal prioridade a sua total satisfa\u00e7\u00e3o, juntamente com [&hellip;]<\/p>","protected":false},"author":1,"featured_media":0,"parent":0,"menu_order":0,"comment_status":"closed","ping_status":"closed","template":"elementor_header_footer","meta":{"footnotes":""},"class_list":["post-25","page","type-page","status-publish","hentry","entry"],"_links":{"self":[{"href":"https:\/\/operational.pt\/en\/wp-json\/wp\/v2\/pages\/25","targetHints":{"allow":["GET"]}}],"collection":[{"href":"https:\/\/operational.pt\/en\/wp-json\/wp\/v2\/pages"}],"about":[{"href":"https:\/\/operational.pt\/en\/wp-json\/wp\/v2\/types\/page"}],"author":[{"embeddable":true,"href":"https:\/\/operational.pt\/en\/wp-json\/wp\/v2\/users\/1"}],"replies":[{"embeddable":true,"href":"https:\/\/operational.pt\/en\/wp-json\/wp\/v2\/comments?post=25"}],"version-history":[{"count":43,"href":"https:\/\/operational.pt\/en\/wp-json\/wp\/v2\/pages\/25\/revisions"}],"predecessor-version":[{"id":1823,"href":"https:\/\/operational.pt\/en\/wp-json\/wp\/v2\/pages\/25\/revisions\/1823"}],"wp:attachment":[{"href":"https:\/\/operational.pt\/en\/wp-json\/wp\/v2\/media?parent=25"}],"curies":[{"name":"wp","href":"https:\/\/api.w.org\/{rel}","templated":true}]}}