{"id":280,"date":"2021-06-03T10:34:53","date_gmt":"2021-06-03T10:34:53","guid":{"rendered":"https:\/\/operational.pt\/?page_id=280"},"modified":"2024-01-02T12:56:27","modified_gmt":"2024-01-02T12:56:27","slug":"publicacoes","status":"publish","type":"page","link":"https:\/\/operational.pt\/en\/publicacoes\/","title":{"rendered":"Publications"},"content":{"rendered":"<div data-elementor-type=\"wp-page\" data-elementor-id=\"280\" class=\"elementor elementor-280\">\n\t\t\t\t\t\t<section class=\"elementor-section elementor-top-section elementor-element elementor-element-b4a7bdc elementor-section-full_width elementor-section-height-default elementor-section-height-default\" data-id=\"b4a7bdc\" data-element_type=\"section\" data-e-type=\"section\">\n\t\t\t\t\t\t<div class=\"elementor-container elementor-column-gap-default\">\n\t\t\t\t\t<div class=\"elementor-column elementor-col-100 elementor-top-column elementor-element elementor-element-b19ff5f\" data-id=\"b19ff5f\" data-element_type=\"column\" data-e-type=\"column\">\n\t\t\t<div class=\"elementor-widget-wrap elementor-element-populated\">\n\t\t\t\t\t\t<section class=\"elementor-section elementor-inner-section elementor-element elementor-element-627810c elementor-section-boxed elementor-section-height-default elementor-section-height-default\" data-id=\"627810c\" data-element_type=\"section\" data-e-type=\"section\">\n\t\t\t\t\t\t<div class=\"elementor-container elementor-column-gap-default\">\n\t\t\t\t\t<div class=\"elementor-column elementor-col-100 elementor-inner-column elementor-element elementor-element-e65db66\" data-id=\"e65db66\" data-element_type=\"column\" data-e-type=\"column\">\n\t\t\t<div class=\"elementor-widget-wrap elementor-element-populated\">\n\t\t\t\t\t\t<div class=\"elementor-element elementor-element-ff47b22 outer_in elementor-widget elementor-widget-heading\" data-id=\"ff47b22\" data-element_type=\"widget\" data-e-type=\"widget\" data-widget_type=\"heading.default\">\n\t\t\t\t<div class=\"elementor-widget-container\">\n\t\t\t\t\t<h2 class=\"elementor-heading-title elementor-size-default\">Publications<\/h2>\t\t\t\t<\/div>\n\t\t\t\t<\/div>\n\t\t\t\t\t<\/div>\n\t\t<\/div>\n\t\t\t\t\t<\/div>\n\t\t<\/section>\n\t\t\t\t<div class=\"elementor-element elementor-element-3eaaa2f elementor-widget elementor-widget-spacer\" data-id=\"3eaaa2f\" data-element_type=\"widget\" data-e-type=\"widget\" data-widget_type=\"spacer.default\">\n\t\t\t\t<div class=\"elementor-widget-container\">\n\t\t\t\t\t\t\t<div class=\"elementor-spacer\">\n\t\t\t<div class=\"elementor-spacer-inner\"><\/div>\n\t\t<\/div>\n\t\t\t\t\t\t<\/div>\n\t\t\t\t<\/div>\n\t\t\t\t\t<\/div>\n\t\t<\/div>\n\t\t\t\t\t<\/div>\n\t\t<\/section>\n\t\t\t\t<section class=\"elementor-section elementor-top-section elementor-element elementor-element-1927d12 elementor-section-boxed elementor-section-height-default elementor-section-height-default\" data-id=\"1927d12\" data-element_type=\"section\" data-e-type=\"section\" data-settings=\"{&quot;background_background&quot;:&quot;classic&quot;}\">\n\t\t\t\t\t\t<div class=\"elementor-container elementor-column-gap-default\">\n\t\t\t\t\t<div class=\"elementor-column elementor-col-100 elementor-top-column elementor-element elementor-element-9ea0812\" data-id=\"9ea0812\" data-element_type=\"column\" data-e-type=\"column\">\n\t\t\t<div class=\"elementor-widget-wrap elementor-element-populated\">\n\t\t\t\t\t\t<section class=\"elementor-section elementor-inner-section elementor-element elementor-element-04c1b78 elementor-section-boxed elementor-section-height-default elementor-section-height-default\" data-id=\"04c1b78\" data-element_type=\"section\" data-e-type=\"section\">\n\t\t\t\t\t\t<div class=\"elementor-container elementor-column-gap-default\">\n\t\t\t\t\t<div class=\"elementor-column elementor-col-33 elementor-inner-column elementor-element elementor-element-20fdc9a\" data-id=\"20fdc9a\" data-element_type=\"column\" data-e-type=\"column\">\n\t\t\t<div class=\"elementor-widget-wrap elementor-element-populated\">\n\t\t\t\t\t\t<div class=\"elementor-element elementor-element-38895ab elementor-widget elementor-widget-spacer\" data-id=\"38895ab\" data-element_type=\"widget\" data-e-type=\"widget\" data-widget_type=\"spacer.default\">\n\t\t\t\t<div class=\"elementor-widget-container\">\n\t\t\t\t\t\t\t<div class=\"elementor-spacer\">\n\t\t\t<div class=\"elementor-spacer-inner\"><\/div>\n\t\t<\/div>\n\t\t\t\t\t\t<\/div>\n\t\t\t\t<\/div>\n\t\t\t\t\t<\/div>\n\t\t<\/div>\n\t\t\t\t<div class=\"elementor-column elementor-col-33 elementor-inner-column elementor-element elementor-element-847ea66\" data-id=\"847ea66\" data-element_type=\"column\" data-e-type=\"column\">\n\t\t\t<div class=\"elementor-widget-wrap elementor-element-populated\">\n\t\t\t\t\t\t<div class=\"elementor-element elementor-element-5f2a3e4 elementor-widget elementor-widget-spacer\" data-id=\"5f2a3e4\" data-element_type=\"widget\" data-e-type=\"widget\" data-widget_type=\"spacer.default\">\n\t\t\t\t<div class=\"elementor-widget-container\">\n\t\t\t\t\t\t\t<div class=\"elementor-spacer\">\n\t\t\t<div class=\"elementor-spacer-inner\"><\/div>\n\t\t<\/div>\n\t\t\t\t\t\t<\/div>\n\t\t\t\t<\/div>\n\t\t\t\t\t<\/div>\n\t\t<\/div>\n\t\t\t\t<div class=\"elementor-column elementor-col-33 elementor-inner-column elementor-element elementor-element-eeba903\" data-id=\"eeba903\" data-element_type=\"column\" data-e-type=\"column\">\n\t\t\t<div class=\"elementor-widget-wrap elementor-element-populated\">\n\t\t\t\t\t\t<div class=\"elementor-element elementor-element-3331ded elementor-widget elementor-widget-spacer\" data-id=\"3331ded\" data-element_type=\"widget\" data-e-type=\"widget\" data-widget_type=\"spacer.default\">\n\t\t\t\t<div class=\"elementor-widget-container\">\n\t\t\t\t\t\t\t<div class=\"elementor-spacer\">\n\t\t\t<div class=\"elementor-spacer-inner\"><\/div>\n\t\t<\/div>\n\t\t\t\t\t\t<\/div>\n\t\t\t\t<\/div>\n\t\t\t\t\t<\/div>\n\t\t<\/div>\n\t\t\t\t\t<\/div>\n\t\t<\/section>\n\t\t\t\t<div class=\"elementor-element elementor-element-69198a0 eael-fg-card-content-align-left elementor-widget elementor-widget-eael-filterable-gallery\" data-id=\"69198a0\" data-element_type=\"widget\" data-e-type=\"widget\" data-settings=\"{&quot;pagination&quot;:&quot;false&quot;}\" data-widget_type=\"eael-filterable-gallery.default\">\n\t\t\t\t<div class=\"elementor-widget-container\">\n\t\t\t\t\t<style id=\"eael-fg-inline-css-69198a0\">@media only screen and (max-width: 2399px) {\n\t\t\t\t\t.elementor-element.elementor-element-69198a0 .eael-filterable-gallery-item-wrap {\n\t\t\t\t\t        width: 25%;\n\t\t\t\t\t    }\n\t\t\t\t\t}@media only screen and (max-width: 1024px) {\n\t\t\t\t\t.elementor-element.elementor-element-69198a0  .eael-filterable-gallery-item-wrap {\n\t\t\t\t\t        width: 50%;\n\t\t\t\t\t    }\n\t\t\t\t\t}@media only screen and (max-width: 767px) {\n\t\t\t\t\t.elementor-element.elementor-element-69198a0  .eael-filterable-gallery-item-wrap {\n\t\t\t\t\t        width: 100%;\n\t\t\t\t\t    }\n\t\t\t\t\t}<\/style>        <div id=\"eael-filter-gallery-wrapper-69198a0\" class=\"eael-filter-gallery-wrapper\" data-layout-mode=\"card\" data-mfp_caption=\"\" data-breakpoints=\"{&quot;mobile&quot;:{&quot;label&quot;:&quot;Mobile Portrait&quot;,&quot;value&quot;:767,&quot;default_value&quot;:767,&quot;direction&quot;:&quot;max&quot;,&quot;is_enabled&quot;:true},&quot;mobile_extra&quot;:{&quot;label&quot;:&quot;Mobile Landscape&quot;,&quot;value&quot;:880,&quot;default_value&quot;:880,&quot;direction&quot;:&quot;max&quot;,&quot;is_enabled&quot;:false},&quot;tablet&quot;:{&quot;label&quot;:&quot;Tablet Portrait&quot;,&quot;value&quot;:1024,&quot;default_value&quot;:1024,&quot;direction&quot;:&quot;max&quot;,&quot;is_enabled&quot;:true},&quot;tablet_extra&quot;:{&quot;label&quot;:&quot;Tablet Landscape&quot;,&quot;value&quot;:1200,&quot;default_value&quot;:1200,&quot;direction&quot;:&quot;max&quot;,&quot;is_enabled&quot;:false},&quot;laptop&quot;:{&quot;label&quot;:&quot;Laptop&quot;,&quot;value&quot;:1366,&quot;default_value&quot;:1366,&quot;direction&quot;:&quot;max&quot;,&quot;is_enabled&quot;:false},&quot;widescreen&quot;:{&quot;label&quot;:&quot;Widescreen&quot;,&quot;value&quot;:2400,&quot;default_value&quot;:2400,&quot;direction&quot;:&quot;min&quot;,&quot;is_enabled&quot;:false}}\" data-default_control_key=\"0\" data-custom_default_control=\"1\">\n            \n            \n            <div class=\"eael-filter-gallery-container eael-filter-gallery-grid\" data-images-per-page=\"\" data-total-gallery-items=\"4\" data-nomore-item-text=\"\" data-settings=\"{&quot;grid_style&quot;:&quot;grid&quot;,&quot;popup&quot;:&quot;media&quot;,&quot;duration&quot;:500,&quot;gallery_enabled&quot;:&quot;&quot;,&quot;control_all_text&quot;:null,&quot;post_id&quot;:280,&quot;widget_id&quot;:&quot;69198a0&quot;}\" data-search-all=\"\" data-gallery-items=\"[&quot;\\u003Cdiv class=\\u0022eael-filterable-gallery-item-wrap\\u0022\\u003E\\n\\t\\t\\t\\t\\u003Cdiv class=\\u0022eael-gallery-grid-item\\u0022\\u003E\\u003Ca href=\\u0022https:\\\/\\\/operational.pt\\\/wp-content\\\/uploads\\\/2024\\\/01\\\/Logo-VDA_QMC-scaled.jpg\\u0022 class=\\u0022eael-magnific-link eael-magnific-link-clone media-content-wrap\\u0022 data-elementor-open-lightbox=\\u0022no\\u0022\\u003E\\u003Ca href=\\u0022https:\\\/\\\/operational.pt\\\/publicacoes-vda\\u0022 target=\\u0022_blank\\u0022\\u003E\\u003Cdiv class=\\u0022gallery-item-thumbnail-wrap\\u0022\\u003E\\u003Cimg src=\\u0022https:\\\/\\\/operational.pt\\\/wp-content\\\/uploads\\\/2024\\\/01\\\/Logo-VDA_QMC-scaled.jpg\\u0022 data-lazy-src=\\u0022https:\\\/\\\/operational.pt\\\/wp-content\\\/uploads\\\/2024\\\/01\\\/Logo-VDA_QMC-scaled.jpg\\u0022 alt=\\u0022\\u0022 class=\\u0022gallery-item-thumbnail\\u0022\\u003E\\u003C\\\/div\\u003E\\u003C\\\/a\\u003E\\u003Cdiv class=\\u0022gallery-item-caption-wrap caption-style-card \\u0022\\u003E\\u003Cdiv class=\\u0022gallery-item-caption-over\\u0022\\u003E\\u003Ch5 class=\\u0022fg-item-title\\u0022\\u003EPublica\u00e7\u00f5es VDA\\u003C\\\/h5\\u003E\\u003Cdiv class=\\u0022fg-item-content\\u0022\\u003E\\u003Cp\\u003EConsulte aqui as Publica\u00e7\u00f5es VDA.\\u003C\\\/p\\u003E\\n\\u003C\\\/div\\u003E\\u003C\\\/div\\u003E\\u003C\\\/div\\u003E\\u003C\\\/a\\u003E\\u003C\\\/a\\u003E\\u003C\\\/a\\u003E\\u003C\\\/div\\u003E\\u003C\\\/div\\u003E&quot;,&quot;\\u003Cdiv class=\\u0022eael-filterable-gallery-item-wrap\\u0022\\u003E\\n\\t\\t\\t\\t\\u003Cdiv class=\\u0022eael-gallery-grid-item\\u0022\\u003E\\u003Ca href=\\u0022https:\\\/\\\/operational.pt\\\/wp-content\\\/uploads\\\/2021\\\/06\\\/AIAG_square.jpg\\u0022 class=\\u0022eael-magnific-link eael-magnific-link-clone media-content-wrap\\u0022 data-elementor-open-lightbox=\\u0022no\\u0022\\u003E\\u003Ca href=\\u0022https:\\\/\\\/operational.pt\\\/publicacoes-aiag\\\/\\u0022\\u003E\\u003Cdiv class=\\u0022gallery-item-thumbnail-wrap\\u0022\\u003E\\u003Cimg src=\\u0022https:\\\/\\\/operational.pt\\\/wp-content\\\/uploads\\\/2021\\\/06\\\/AIAG_square.jpg\\u0022 data-lazy-src=\\u0022https:\\\/\\\/operational.pt\\\/wp-content\\\/uploads\\\/2021\\\/06\\\/AIAG_square.jpg\\u0022 alt=\\u0022\\u0022 class=\\u0022gallery-item-thumbnail\\u0022\\u003E\\u003C\\\/div\\u003E\\u003C\\\/a\\u003E\\u003Cdiv class=\\u0022gallery-item-caption-wrap caption-style-card \\u0022\\u003E\\u003Cdiv class=\\u0022gallery-item-caption-over\\u0022\\u003E\\u003Ch5 class=\\u0022fg-item-title\\u0022\\u003EPublica\u00e7\u00f5es AIAG\\u003C\\\/h5\\u003E\\u003Cdiv class=\\u0022fg-item-content\\u0022\\u003E\\u003Cp\\u003EConsulte aqui as publica\u00e7\u00f5es AIAG.\\u003C\\\/p\\u003E\\n\\u003C\\\/div\\u003E\\u003C\\\/div\\u003E\\u003C\\\/div\\u003E\\u003C\\\/a\\u003E\\u003C\\\/a\\u003E\\u003C\\\/a\\u003E\\u003C\\\/div\\u003E\\u003C\\\/div\\u003E&quot;,&quot;\\u003Cdiv class=\\u0022eael-filterable-gallery-item-wrap\\u0022\\u003E\\n\\t\\t\\t\\t\\u003Cdiv class=\\u0022eael-gallery-grid-item\\u0022\\u003E\\u003Ca href=\\u0022https:\\\/\\\/operational.pt\\\/wp-content\\\/uploads\\\/2021\\\/06\\\/CRC-PRESS.png\\u0022 class=\\u0022eael-magnific-link eael-magnific-link-clone media-content-wrap\\u0022 data-elementor-open-lightbox=\\u0022no\\u0022\\u003E\\u003Ca href=\\u0022https:\\\/\\\/operational.pt\\\/publicacoes-crc-press\\\/\\u0022\\u003E\\u003Cdiv class=\\u0022gallery-item-thumbnail-wrap\\u0022\\u003E\\u003Cimg src=\\u0022https:\\\/\\\/operational.pt\\\/wp-content\\\/uploads\\\/2021\\\/06\\\/CRC-PRESS.png\\u0022 data-lazy-src=\\u0022https:\\\/\\\/operational.pt\\\/wp-content\\\/uploads\\\/2021\\\/06\\\/CRC-PRESS.png\\u0022 alt=\\u0022\\u0022 class=\\u0022gallery-item-thumbnail\\u0022\\u003E\\u003C\\\/div\\u003E\\u003C\\\/a\\u003E\\u003Cdiv class=\\u0022gallery-item-caption-wrap caption-style-card \\u0022\\u003E\\u003Cdiv class=\\u0022gallery-item-caption-over\\u0022\\u003E\\u003Ch5 class=\\u0022fg-item-title\\u0022\\u003EPublica\u00e7\u00f5es CRC PRESS\\u003C\\\/h5\\u003E\\u003Cdiv class=\\u0022fg-item-content\\u0022\\u003E\\u003Cp\\u003EConsulte aqui as publica\u00e7\u00f5es CRC PRESS.\\u003C\\\/p\\u003E\\n\\u003C\\\/div\\u003E\\u003C\\\/div\\u003E\\u003C\\\/div\\u003E\\u003C\\\/a\\u003E\\u003C\\\/a\\u003E\\u003C\\\/a\\u003E\\u003C\\\/div\\u003E\\u003C\\\/div\\u003E&quot;,&quot;\\u003Cdiv class=\\u0022eael-filterable-gallery-item-wrap\\u0022\\u003E\\n\\t\\t\\t\\t\\u003Cdiv class=\\u0022eael-gallery-grid-item\\u0022\\u003E\\u003Ca href=\\u0022https:\\\/\\\/operational.pt\\\/wp-content\\\/uploads\\\/2021\\\/06\\\/MJ.png\\u0022 class=\\u0022eael-magnific-link eael-magnific-link-clone media-content-wrap\\u0022 data-elementor-open-lightbox=\\u0022no\\u0022\\u003E\\u003Ca href=\\u0022https:\\\/\\\/operational.pt\\\/publicacoes-memory-jogger\\\/\\u0022\\u003E\\u003Cdiv class=\\u0022gallery-item-thumbnail-wrap\\u0022\\u003E\\u003Cimg src=\\u0022https:\\\/\\\/operational.pt\\\/wp-content\\\/uploads\\\/2021\\\/06\\\/MJ.png\\u0022 data-lazy-src=\\u0022https:\\\/\\\/operational.pt\\\/wp-content\\\/uploads\\\/2021\\\/06\\\/MJ.png\\u0022 alt=\\u0022\\u0022 class=\\u0022gallery-item-thumbnail\\u0022\\u003E\\u003C\\\/div\\u003E\\u003C\\\/a\\u003E\\u003Cdiv class=\\u0022gallery-item-caption-wrap caption-style-card \\u0022\\u003E\\u003Cdiv class=\\u0022gallery-item-caption-over\\u0022\\u003E\\u003Ch5 class=\\u0022fg-item-title\\u0022\\u003EPublica\u00e7\u00f5es Memory Jogger\\u003C\\\/h5\\u003E\\u003Cdiv class=\\u0022fg-item-content\\u0022\\u003E\\u003Cp\\u003EConsulte aqui as publica\u00e7\u00f5es Memory Jogger.\\u003C\\\/p\\u003E\\n\\u003C\\\/div\\u003E\\u003C\\\/div\\u003E\\u003C\\\/div\\u003E\\u003C\\\/a\\u003E\\u003C\\\/a\\u003E\\u003C\\\/a\\u003E\\u003C\\\/div\\u003E\\u003C\\\/div\\u003E&quot;]\" data-init-show=\"4\">\n                <div class=\"eael-filterable-gallery-item-wrap\">\n\t\t\t\t<div class=\"eael-gallery-grid-item\"><a href=\"https:\/\/operational.pt\/wp-content\/uploads\/2024\/01\/Logo-VDA_QMC-scaled.jpg\" class=\"eael-magnific-link eael-magnific-link-clone media-content-wrap\" data-elementor-open-lightbox=\"no\"><a href=\"https:\/\/operational.pt\/en\/publicacoes-vda\/\" target=\"_blank\"><div class=\"gallery-item-thumbnail-wrap\"><img decoding=\"async\" src=\"https:\/\/operational.pt\/wp-content\/uploads\/2024\/01\/Logo-VDA_QMC-scaled.jpg\" data-lazy-src=\"https:\/\/operational.pt\/wp-content\/uploads\/2024\/01\/Logo-VDA_QMC-scaled.jpg\" alt=\"\" class=\"gallery-item-thumbnail\"><\/div><\/a><div class=\"gallery-item-caption-wrap caption-style-card\"><div class=\"gallery-item-caption-over\"><h5 class=\"fg-item-title\">VDA Publications<\/h5><div class=\"fg-item-content\"><p>See VDA Publications here.<\/p>\n<\/div><\/div><\/div><\/a><\/a><\/a><\/div><\/div><div class=\"eael-filterable-gallery-item-wrap\">\n\t\t\t\t<div class=\"eael-gallery-grid-item\"><a href=\"https:\/\/operational.pt\/wp-content\/uploads\/2021\/06\/AIAG_square.jpg\" class=\"eael-magnific-link eael-magnific-link-clone media-content-wrap\" data-elementor-open-lightbox=\"no\"><a href=\"https:\/\/operational.pt\/en\/publicacoes-aiag\/\"><div class=\"gallery-item-thumbnail-wrap\"><img decoding=\"async\" src=\"https:\/\/operational.pt\/wp-content\/uploads\/2021\/06\/AIAG_square.jpg\" data-lazy-src=\"https:\/\/operational.pt\/wp-content\/uploads\/2021\/06\/AIAG_square.jpg\" alt=\"\" class=\"gallery-item-thumbnail\"><\/div><\/a><div class=\"gallery-item-caption-wrap caption-style-card\"><div class=\"gallery-item-caption-over\"><h5 class=\"fg-item-title\">AIAG Publications<\/h5><div class=\"fg-item-content\"><p>See AIAG publications here.<\/p>\n<\/div><\/div><\/div><\/a><\/a><\/a><\/div><\/div><div class=\"eael-filterable-gallery-item-wrap\">\n\t\t\t\t<div class=\"eael-gallery-grid-item\"><a href=\"https:\/\/operational.pt\/wp-content\/uploads\/2021\/06\/CRC-PRESS.png\" class=\"eael-magnific-link eael-magnific-link-clone media-content-wrap\" data-elementor-open-lightbox=\"no\"><a href=\"https:\/\/operational.pt\/en\/publicacoes-crc-press\/\"><div class=\"gallery-item-thumbnail-wrap\"><img decoding=\"async\" src=\"https:\/\/operational.pt\/wp-content\/uploads\/2021\/06\/CRC-PRESS.png\" data-lazy-src=\"https:\/\/operational.pt\/wp-content\/uploads\/2021\/06\/CRC-PRESS.png\" alt=\"\" class=\"gallery-item-thumbnail\"><\/div><\/a><div class=\"gallery-item-caption-wrap caption-style-card\"><div class=\"gallery-item-caption-over\"><h5 class=\"fg-item-title\">CRC PRESS Publications<\/h5><div class=\"fg-item-content\"><p>See CRC PRESS publications here.<\/p>\n<\/div><\/div><\/div><\/a><\/a><\/a><\/div><\/div><div class=\"eael-filterable-gallery-item-wrap\">\n\t\t\t\t<div class=\"eael-gallery-grid-item\"><a href=\"https:\/\/operational.pt\/wp-content\/uploads\/2021\/06\/MJ.png\" class=\"eael-magnific-link eael-magnific-link-clone media-content-wrap\" data-elementor-open-lightbox=\"no\"><a href=\"https:\/\/operational.pt\/en\/publicacoes-memory-jogger\/\"><div class=\"gallery-item-thumbnail-wrap\"><img decoding=\"async\" src=\"https:\/\/operational.pt\/wp-content\/uploads\/2021\/06\/MJ.png\" data-lazy-src=\"https:\/\/operational.pt\/wp-content\/uploads\/2021\/06\/MJ.png\" alt=\"\" class=\"gallery-item-thumbnail\"><\/div><\/a><div class=\"gallery-item-caption-wrap caption-style-card\"><div class=\"gallery-item-caption-over\"><h5 class=\"fg-item-title\">Memory Jogger publications<\/h5><div class=\"fg-item-content\"><p>See Memory Jogger publications here.<\/p>\n<\/div><\/div><\/div><\/a><\/a><\/a><\/div><\/div>            <\/div>\n            \n                    <\/div>\n        \n        \t\t\t\t<\/div>\n\t\t\t\t<\/div>\n\t\t\t\t<div class=\"elementor-element elementor-element-7eceb2f elementor-widget elementor-widget-spacer\" data-id=\"7eceb2f\" data-element_type=\"widget\" data-e-type=\"widget\" data-widget_type=\"spacer.default\">\n\t\t\t\t<div class=\"elementor-widget-container\">\n\t\t\t\t\t\t\t<div class=\"elementor-spacer\">\n\t\t\t<div class=\"elementor-spacer-inner\"><\/div>\n\t\t<\/div>\n\t\t\t\t\t\t<\/div>\n\t\t\t\t<\/div>\n\t\t\t\t<div class=\"elementor-element elementor-element-60df3ad elementor-widget elementor-widget-spacer\" data-id=\"60df3ad\" data-element_type=\"widget\" data-e-type=\"widget\" data-widget_type=\"spacer.default\">\n\t\t\t\t<div class=\"elementor-widget-container\">\n\t\t\t\t\t\t\t<div class=\"elementor-spacer\">\n\t\t\t<div class=\"elementor-spacer-inner\"><\/div>\n\t\t<\/div>\n\t\t\t\t\t\t<\/div>\n\t\t\t\t<\/div>\n\t\t\t\t\t<\/div>\n\t\t<\/div>\n\t\t\t\t\t<\/div>\n\t\t<\/section>\n\t\t\t\t<section class=\"elementor-section elementor-top-section elementor-element elementor-element-d34e61e elementor-section-boxed elementor-section-height-default elementor-section-height-default\" data-id=\"d34e61e\" data-element_type=\"section\" data-e-type=\"section\">\n\t\t\t\t\t\t<div class=\"elementor-container elementor-column-gap-default\">\n\t\t\t\t\t<div class=\"elementor-column elementor-col-100 elementor-top-column elementor-element elementor-element-eeea894\" data-id=\"eeea894\" data-element_type=\"column\" data-e-type=\"column\">\n\t\t\t<div class=\"elementor-widget-wrap elementor-element-populated\">\n\t\t\t\t\t\t<div class=\"elementor-element elementor-element-0d10cc6 elementor-widget elementor-widget-spacer\" data-id=\"0d10cc6\" data-element_type=\"widget\" data-e-type=\"widget\" data-widget_type=\"spacer.default\">\n\t\t\t\t<div class=\"elementor-widget-container\">\n\t\t\t\t\t\t\t<div class=\"elementor-spacer\">\n\t\t\t<div class=\"elementor-spacer-inner\"><\/div>\n\t\t<\/div>\n\t\t\t\t\t\t<\/div>\n\t\t\t\t<\/div>\n\t\t\t\t\t<\/div>\n\t\t<\/div>\n\t\t\t\t\t<\/div>\n\t\t<\/section>\n\t\t\t\t<\/div>","protected":false},"excerpt":{"rendered":"<p>Publica\u00e7\u00f5es Publica\u00e7\u00f5es VDA Consulte aqui as Publica\u00e7\u00f5es VDA. Publica\u00e7\u00f5es AIAG Consulte aqui as publica\u00e7\u00f5es AIAG. Publica\u00e7\u00f5es CRC PRESS Consulte aqui as publica\u00e7\u00f5es CRC PRESS. Publica\u00e7\u00f5es Memory Jogger Consulte aqui as publica\u00e7\u00f5es Memory Jogger.<\/p>","protected":false},"author":1,"featured_media":0,"parent":0,"menu_order":0,"comment_status":"closed","ping_status":"closed","template":"elementor_header_footer","meta":{"footnotes":""},"class_list":["post-280","page","type-page","status-publish","hentry","entry"],"_links":{"self":[{"href":"https:\/\/operational.pt\/en\/wp-json\/wp\/v2\/pages\/280","targetHints":{"allow":["GET"]}}],"collection":[{"href":"https:\/\/operational.pt\/en\/wp-json\/wp\/v2\/pages"}],"about":[{"href":"https:\/\/operational.pt\/en\/wp-json\/wp\/v2\/types\/page"}],"author":[{"embeddable":true,"href":"https:\/\/operational.pt\/en\/wp-json\/wp\/v2\/users\/1"}],"replies":[{"embeddable":true,"href":"https:\/\/operational.pt\/en\/wp-json\/wp\/v2\/comments?post=280"}],"version-history":[{"count":52,"href":"https:\/\/operational.pt\/en\/wp-json\/wp\/v2\/pages\/280\/revisions"}],"predecessor-version":[{"id":2697,"href":"https:\/\/operational.pt\/en\/wp-json\/wp\/v2\/pages\/280\/revisions\/2697"}],"wp:attachment":[{"href":"https:\/\/operational.pt\/en\/wp-json\/wp\/v2\/media?parent=280"}],"curies":[{"name":"wp","href":"https:\/\/api.w.org\/{rel}","templated":true}]}}